{"id":50321,"date":"2025-10-19T21:23:59","date_gmt":"2025-10-19T19:23:59","guid":{"rendered":"https:\/\/reservas.boqueixon.gal\/?page_id=50321"},"modified":"2025-10-19T21:25:56","modified_gmt":"2025-10-19T19:25:56","slug":"reservas-pavillon-lestedo","status":"publish","type":"page","link":"https:\/\/reservas.boqueixon.gal\/es\/reservas\/reservas-pavillon-lestedo\/","title":{"rendered":"Reservas pavill\u00f3n Lestedo"},"content":{"rendered":"<div data-elementor-type=\"wp-page\" data-elementor-id=\"50321\" class=\"elementor elementor-50321\" data-elementor-post-type=\"page\">\n\t\t\t\t\t\t<section class=\"has_ae_slider elementor-section elementor-top-section elementor-element elementor-element-13794c2 elementor-section-boxed elementor-section-height-default elementor-section-height-default ae-bg-gallery-type-default\" data-id=\"13794c2\" data-element_type=\"section\" data-settings=\"{&quot;background_background&quot;:&quot;classic&quot;}\">\n\t\t\t\t\t\t<div class=\"elementor-container elementor-column-gap-no\">\n\t\t\t\t\t<div class=\"has_ae_slider elementor-column elementor-col-100 elementor-top-column elementor-element elementor-element-cfa0cb4 ae-bg-gallery-type-default\" data-id=\"cfa0cb4\" data-element_type=\"column\">\n\t\t\t<div class=\"elementor-widget-wrap elementor-element-populated\">\n\t\t\t\t\t\t<div class=\"elementor-element elementor-element-2210062 elementor-widget elementor-widget-heading\" data-id=\"2210062\" data-element_type=\"widget\" data-widget_type=\"heading.default\">\n\t\t\t\t\t<h2 class=\"elementor-heading-title elementor-size-default\">Reservas pavill\u00f3n de Lestedo<\/h2>\t\t\t\t<\/div>\n\t\t\t\t<div class=\"elementor-element elementor-element-a7a5fb2 elementor-widget elementor-widget-stepbooking\" data-id=\"a7a5fb2\" data-element_type=\"widget\" data-widget_type=\"stepbooking.default\">\n\t\t\t\t<div class=\"elementor-widget-container\">\n\t\t\t\t\t\n<script>\n  if (typeof hasAmeliaEntitiesApiCall === 'undefined' && '' === '') {\n    var hasAmeliaEntitiesApiCall = true;\n  }\n  var ameliaShortcodeData = (typeof ameliaShortcodeData === 'undefined') ? [] : ameliaShortcodeData;\n  ameliaShortcodeData.push(\n    {\n      'hasApiCall': (typeof hasAmeliaEntitiesApiCall !== 'undefined') && hasAmeliaEntitiesApiCall,\n      'trigger': '',\n      'trigger_type': '',\n      'triggered_form': 'sbsNew',\n      'in_dialog': '',\n      'show': '',\n      'counter': '1000',\n      'category': '',\n      'service': '2',\n      'employee': '',\n      'location': '',\n      'package': ''\n    }\n  );\n\n  var ameliaShortcodeDataTriggered = (typeof ameliaShortcodeDataTriggered === 'undefined') ? [] : ameliaShortcodeDataTriggered;\n  if (ameliaShortcodeData[ameliaShortcodeData.length - 1].trigger !== '') {\n    if (ameliaShortcodeDataTriggered.filter(a => a.counter === ameliaShortcodeData[ameliaShortcodeData.length - 1].counter).length === 0) {\n      ameliaShortcodeDataTriggered.push(ameliaShortcodeData.pop());\n    } else {\n      ameliaShortcodeData.pop()\n    }\n  }\n  if (typeof hasAmeliaEntitiesApiCall !== 'undefined' && hasAmeliaEntitiesApiCall) {\n    hasAmeliaEntitiesApiCall = false;\n  }\n<\/script>\n\n<div\n  id=\"amelia-v2-booking-1000\"\n  class=\"amelia-v2-booking\"\n >\n    <step-form-wrapper><\/step-form-wrapper><\/div>\n\t\t\t\t<\/div>\n\t\t\t\t<\/div>\n\t\t\t\t<div class=\"elementor-element elementor-element-b5ddab1 elementor-widget elementor-widget-text-editor\" data-id=\"b5ddab1\" data-element_type=\"widget\" data-widget_type=\"text-editor.default\">\n\t\t\t\t\t\t\t\t\t<p><strong>Normativa<\/strong><br \/>CONDICI\u00d3NS DE USO XIMNASIO E PAVILL\u00d3N POLIDEPORTIVO MUNICIPAL<\/p><ul><li>As reservas faranse na web de reservas.<\/li><li>O acceso \u00e1s instalaci\u00f3ns deportivas sup\u00f3n a aceptaci\u00f3n da normativa de uso.<\/li><li>A Conceller\u00eda de Deportes reservarase o dereito de modificar as condici\u00f3ns de uso, previo aviso \u00e1s entidades ou persoas usuarias da instalaci\u00f3n afectadas.<\/li><li>Suspenderase o dereito \u00f3 uso das instalaci\u00f3ns:<\/li><\/ul><ol><li><em>Cando non se respeten as normas de uso<\/em><\/li><li><em>Cando se produzan deterioros ou desperfectos nas instalaci\u00f3ns<\/em><\/li><li><em>Cando perige a integridade f\u00edsica dos participantes<\/em><\/li><li><em>Cando existan outros compromisos adquiridos pola Conceller\u00eda<\/em><\/li><li><em>Calquera outra causa que o xustifique<\/em><\/li><\/ol><ul><li>Os usuarios te\u00f1en dereito \u00f3 uso do equipamiento e material deportivo preciso para a actividade que realicen.<\/li><li>Para acceder con material ou equipamento propio deber\u00e1 solicitarse autorizaci\u00f3n previa.<\/li><li>\u00c9 obrigatorio o uso de indumentaria e calzado deportivo adecuado \u00e1 actividade deportiva practicada e \u00e1 instalaci\u00f3n na que se desenvolva.<\/li><li>Non se pode fumar nin acceder con envases de vidrio ou met\u00e1licos as\u00ed como comer ou consumir bebidas alcoh\u00f3licas ou calquera outra sustancia perxudicial para a sa\u00fade.<\/li><li>Prohibido acceder con animais, ag\u00e1s cans gu\u00eda.<\/li><li>O Concello de Boqueix\u00f3n\u00a0non se far\u00e1 responsable de calquera tipo de incidente acontecido como consecuencia do incumprimento das normas ou de imprudencias dos usuarios.<\/li><\/ul>\t\t\t\t\t\t\t\t<\/div>\n\t\t\t\t<section class=\"has_ae_slider elementor-section elementor-inner-section elementor-element elementor-element-9ae1ecb elementor-section-boxed elementor-section-height-default elementor-section-height-default ae-bg-gallery-type-default\" data-id=\"9ae1ecb\" data-element_type=\"section\">\n\t\t\t\t\t\t<div class=\"elementor-container elementor-column-gap-no\">\n\t\t\t\t\t<div class=\"has_ae_slider elementor-column elementor-col-50 elementor-inner-column elementor-element elementor-element-9094ff5 ae-bg-gallery-type-default\" data-id=\"9094ff5\" data-element_type=\"column\">\n\t\t\t<div class=\"elementor-widget-wrap elementor-element-populated\">\n\t\t\t\t\t\t<div class=\"elementor-element elementor-element-d129a99 elementor-widget elementor-widget-image\" data-id=\"d129a99\" data-element_type=\"widget\" data-widget_type=\"image.default\">\n\t\t\t\t\t\t\t\t\t\t\t\t\t\t\t\t<a href=\"https:\/\/reservas.boqueixon.gal\/es\/\">\n\t\t\t\t\t\t\t<img fetchpriority=\"high\" decoding=\"async\" width=\"800\" height=\"800\" src=\"https:\/\/reservas.boqueixon.gal\/wp-content\/uploads\/2025\/10\/arrow-left.svg\" class=\"attachment-large size-large wp-image-50279\" alt=\"\" \/>\t\t\t\t\t\t\t\t<\/a>\n\t\t\t\t\t\t\t\t\t\t\t\t\t\t\t<\/div>\n\t\t\t\t\t<\/div>\n\t\t<\/div>\n\t\t\t\t<div class=\"has_ae_slider elementor-column elementor-col-50 elementor-inner-column elementor-element elementor-element-c7a1119 ae-bg-gallery-type-default\" data-id=\"c7a1119\" data-element_type=\"column\">\n\t\t\t<div class=\"elementor-widget-wrap elementor-element-populated\">\n\t\t\t\t\t\t<div class=\"elementor-element elementor-element-c560d82 elementor-widget elementor-widget-text-editor\" data-id=\"c560d82\" data-element_type=\"widget\" data-widget_type=\"text-editor.default\">\n\t\t\t\t\t\t\t\t\t<p>Forte s\/n<br \/>15581 BOQUEIX\u00d3N (A Coru\u00f1a)<br \/>Telfs: 981 513 061 \u2013 981 513 052<br \/>Fax: 981 513 000<br \/><a href=\"mailto:correo@boqueixon.es\">correo@boqueixon.es<\/a><\/p>\t\t\t\t\t\t\t\t<\/div>\n\t\t\t\t\t<\/div>\n\t\t<\/div>\n\t\t\t\t\t<\/div>\n\t\t<\/section>\n\t\t\t\t\t<\/div>\n\t\t<\/div>\n\t\t\t\t\t<\/div>\n\t\t<\/section>\n\t\t\t\t<\/div>","protected":false},"excerpt":{"rendered":"<p>Reservas pavill\u00f3n de Lestedo Normativa CONDICI\u00d3NS DE USO XIMNASIO E PAVILL\u00d3N POLIDEPORTIVO MUNICIPAL As reservas faranse na web de reservas. O acceso \u00e1s instalaci\u00f3ns deportivas sup\u00f3n a aceptaci\u00f3n da normativa de uso. A Conceller\u00eda de Deportes reservarase o dereito de modificar as condici\u00f3ns de uso, previo aviso \u00e1s entidades ou persoas usuarias da instalaci\u00f3n afectadas. [&hellip;]<\/p>","protected":false},"author":1,"featured_media":0,"parent":50010,"menu_order":0,"comment_status":"closed","ping_status":"closed","template":"","meta":{"site-sidebar-layout":"no-sidebar","site-content-layout":"page-builder","ast-site-content-layout":"full-width-container","site-content-style":"default","site-sidebar-style":"default","ast-global-header-display":"","ast-banner-title-visibility":"","ast-main-header-display":"","ast-hfb-above-header-display":"","ast-hfb-below-header-display":"","ast-hfb-mobile-header-display":"","site-post-title":"disabled","ast-breadcrumbs-content":"disabled","ast-featured-img":"disabled","footer-sml-layout":"","theme-transparent-header-meta":"default","adv-header-id-meta":"","stick-header-meta":"","header-above-stick-meta":"","header-main-stick-meta":"","header-below-stick-meta":"","astra-migrate-meta-layouts":"set","ast-page-background-enabled":"default","ast-page-background-meta":{"desktop":{"background-color":"","background-image":"","background-repeat":"repeat","background-position":"center center","background-size":"auto","background-attachment":"scroll","background-type":"","background-media":"","overlay-type":"","overlay-color":"","overlay-opacity":"","overlay-gradient":""},"tablet":{"background-color":"","background-image":"","background-repeat":"repeat","background-position":"center center","background-size":"auto","background-attachment":"scroll","background-type":"","background-media":"","overlay-type":"","overlay-color":"","overlay-opacity":"","overlay-gradient":""},"mobile":{"background-color":"","background-image":"","background-repeat":"repeat","background-position":"center center","background-size":"auto","background-attachment":"scroll","background-type":"","background-media":"","overlay-type":"","overlay-color":"","overlay-opacity":"","overlay-gradient":""}},"ast-content-background-meta":{"desktop":{"background-color":"var(--ast-global-color-5)","background-image":"","background-repeat":"repeat","background-position":"center center","background-size":"auto","background-attachment":"scroll","background-type":"","background-media":"","overlay-type":"","overlay-color":"","overlay-opacity":"","overlay-gradient":""},"tablet":{"background-color":"var(--ast-global-color-5)","background-image":"","background-repeat":"repeat","background-position":"center center","background-size":"auto","background-attachment":"scroll","background-type":"","background-media":"","overlay-type":"","overlay-color":"","overlay-opacity":"","overlay-gradient":""},"mobile":{"background-color":"var(--ast-global-color-5)","background-image":"","background-repeat":"repeat","background-position":"center center","background-size":"auto","background-attachment":"scroll","background-type":"","background-media":"","overlay-type":"","overlay-color":"","overlay-opacity":"","overlay-gradient":""}},"footnotes":""},"class_list":["post-50321","page","type-page","status-publish","hentry"],"_links":{"self":[{"href":"https:\/\/reservas.boqueixon.gal\/es\/wp-json\/wp\/v2\/pages\/50321","targetHints":{"allow":["GET"]}}],"collection":[{"href":"https:\/\/reservas.boqueixon.gal\/es\/wp-json\/wp\/v2\/pages"}],"about":[{"href":"https:\/\/reservas.boqueixon.gal\/es\/wp-json\/wp\/v2\/types\/page"}],"author":[{"embeddable":true,"href":"https:\/\/reservas.boqueixon.gal\/es\/wp-json\/wp\/v2\/users\/1"}],"replies":[{"embeddable":true,"href":"https:\/\/reservas.boqueixon.gal\/es\/wp-json\/wp\/v2\/comments?post=50321"}],"version-history":[{"count":5,"href":"https:\/\/reservas.boqueixon.gal\/es\/wp-json\/wp\/v2\/pages\/50321\/revisions"}],"predecessor-version":[{"id":50329,"href":"https:\/\/reservas.boqueixon.gal\/es\/wp-json\/wp\/v2\/pages\/50321\/revisions\/50329"}],"up":[{"embeddable":true,"href":"https:\/\/reservas.boqueixon.gal\/es\/wp-json\/wp\/v2\/pages\/50010"}],"wp:attachment":[{"href":"https:\/\/reservas.boqueixon.gal\/es\/wp-json\/wp\/v2\/media?parent=50321"}],"curies":[{"name":"wp","href":"https:\/\/api.w.org\/{rel}","templated":true}]}}